{"id":2541,"date":"2024-09-26T20:22:42","date_gmt":"2024-09-26T20:22:42","guid":{"rendered":"https:\/\/anam.org.gt\/inicio\/?page_id=2541"},"modified":"2026-04-07T15:56:16","modified_gmt":"2026-04-07T15:56:16","slug":"numeral-17","status":"publish","type":"page","link":"https:\/\/anam.org.gt\/inicio\/numeral-17\/","title":{"rendered":"N\u00fameral 17"},"content":{"rendered":"\t\t<div data-elementor-type=\"wp-page\" data-elementor-id=\"2541\" class=\"elementor elementor-2541\">\n\t\t\t\t\t\t<section class=\"elementor-section elementor-top-section elementor-element elementor-element-2605cca elementor-section-boxed elementor-section-height-default elementor-section-height-default\" data-id=\"2605cca\" data-element_type=\"section\">\n\t\t\t\t\t\t<div class=\"elementor-container elementor-column-gap-default\">\n\t\t\t\t\t<div class=\"elementor-column elementor-col-100 elementor-top-column elementor-element elementor-element-af88394\" data-id=\"af88394\" data-element_type=\"column\">\n\t\t\t<div class=\"elementor-widget-wrap elementor-element-populated\">\n\t\t\t\t\t\t<div class=\"elementor-element elementor-element-180fb72 elementor-widget elementor-widget-heading\" data-id=\"180fb72\" data-element_type=\"widget\" data-widget_type=\"heading.default\">\n\t\t\t\t<div class=\"elementor-widget-container\">\n\t\t\t\t\t<h2 class=\"elementor-heading-title elementor-size-default\"><h5><span>17. Listado de Empresas Precalificadas<\/span><span><\/span><br><\/h5><\/h2>\t\t\t\t<\/div>\n\t\t\t\t<\/div>\n\t\t\t\t<div class=\"elementor-element elementor-element-b4fa120 elementor-widget elementor-widget-heading\" data-id=\"b4fa120\" data-element_type=\"widget\" data-widget_type=\"heading.default\">\n\t\t\t\t<div class=\"elementor-widget-container\">\n\t\t\t\t\t<h5 class=\"elementor-heading-title elementor-size-default\">Numeral 17. Los listados de las empresas precalificadas para la ejecuci\u00f3n de obras p\u00fablicas, de venta de bienes y de prestaci\u00f3n de servicios de cualquier naturaleza, incluyendo la informaci\u00f3n relacionada a la raz\u00f3n social, capital autorizado y la informaci\u00f3n que corresponda al rengl\u00f3n para el que fueron precalificadas.<\/h5>\t\t\t\t<\/div>\n\t\t\t\t<\/div>\n\t\t\t\t\t<\/div>\n\t\t<\/div>\n\t\t\t\t\t<\/div>\n\t\t<\/section>\n\t\t\t\t<section class=\"elementor-section elementor-top-section elementor-element elementor-element-a423b54 elementor-section-boxed elementor-section-height-default elementor-section-height-default\" data-id=\"a423b54\" data-element_type=\"section\">\n\t\t\t\t\t\t<div class=\"elementor-container elementor-column-gap-default\">\n\t\t\t\t\t<div class=\"elementor-column elementor-col-100 elementor-top-column elementor-element elementor-element-3d62d45\" data-id=\"3d62d45\" data-element_type=\"column\">\n\t\t\t<div class=\"elementor-widget-wrap elementor-element-populated\">\n\t\t\t\t\t\t<div class=\"elementor-element elementor-element-8084d63 elementor-widget elementor-widget-toggle\" data-id=\"8084d63\" data-element_type=\"widget\" data-widget_type=\"toggle.default\">\n\t\t\t\t<div class=\"elementor-widget-container\">\n\t\t\t\t\t\t\t<div class=\"elementor-toggle\">\n\t\t\t\t\t\t\t<div class=\"elementor-toggle-item\">\n\t\t\t\t\t<div id=\"elementor-tab-title-1341\" class=\"elementor-tab-title\" data-tab=\"1\" role=\"button\" aria-controls=\"elementor-tab-content-1341\" aria-expanded=\"false\">\n\t\t\t\t\t\t\t\t\t\t\t\t<span class=\"elementor-toggle-icon elementor-toggle-icon-left\" aria-hidden=\"true\">\n\t\t\t\t\t\t\t\t\t\t\t\t\t\t\t<span class=\"elementor-toggle-icon-closed\"><i class=\"fas fa-caret-right\"><\/i><\/span>\n\t\t\t\t\t\t\t\t<span class=\"elementor-toggle-icon-opened\"><i class=\"elementor-toggle-icon-opened fas fa-caret-up\"><\/i><\/span>\n\t\t\t\t\t\t\t\t\t\t\t\t\t<\/span>\n\t\t\t\t\t\t\t\t\t\t\t\t<a class=\"elementor-toggle-title\" tabindex=\"0\">2026<\/a>\n\t\t\t\t\t<\/div>\n\n\t\t\t\t\t<div id=\"elementor-tab-content-1341\" class=\"elementor-tab-content elementor-clearfix\" data-tab=\"1\" role=\"region\" aria-labelledby=\"elementor-tab-title-1341\"><p><a href=\"https:\/\/anam.org.gt\/inicio\/wp-content\/uploads\/2026\/03\/NUMERAL-17-ENE.pdf\" target=\"_blank\" rel=\"noopener\">17A012026 EMPRESAS PRECALIFICADAS ENE 2026<\/a><\/p><p><a href=\"https:\/\/anam.org.gt\/inicio\/wp-content\/uploads\/2026\/03\/NUMERAL-17-FEB.pdf\" target=\"_blank\" rel=\"noopener\">17A022026 EMPRESAS PRECALIFICADAS FEB 2026<\/a><\/p><p><a href=\"https:\/\/anam.org.gt\/inicio\/wp-content\/uploads\/2026\/04\/NUMERAL-17-MAR.pdf\" target=\"_blank\" rel=\"noopener\">17A032026 EMPRESAS PRECALIFICADAS MAR 2026<\/a><\/p><\/div>\n\t\t\t\t<\/div>\n\t\t\t\t\t\t\t<div class=\"elementor-toggle-item\">\n\t\t\t\t\t<div id=\"elementor-tab-title-1342\" class=\"elementor-tab-title\" data-tab=\"2\" role=\"button\" aria-controls=\"elementor-tab-content-1342\" aria-expanded=\"false\">\n\t\t\t\t\t\t\t\t\t\t\t\t<span class=\"elementor-toggle-icon elementor-toggle-icon-left\" aria-hidden=\"true\">\n\t\t\t\t\t\t\t\t\t\t\t\t\t\t\t<span class=\"elementor-toggle-icon-closed\"><i class=\"fas fa-caret-right\"><\/i><\/span>\n\t\t\t\t\t\t\t\t<span class=\"elementor-toggle-icon-opened\"><i class=\"elementor-toggle-icon-opened fas fa-caret-up\"><\/i><\/span>\n\t\t\t\t\t\t\t\t\t\t\t\t\t<\/span>\n\t\t\t\t\t\t\t\t\t\t\t\t<a class=\"elementor-toggle-title\" tabindex=\"0\">2025<\/a>\n\t\t\t\t\t<\/div>\n\n\t\t\t\t\t<div id=\"elementor-tab-content-1342\" class=\"elementor-tab-content elementor-clearfix\" data-tab=\"2\" role=\"region\" aria-labelledby=\"elementor-tab-title-1342\"><p><a href=\"https:\/\/anam.org.gt\/inicio\/wp-content\/uploads\/2025\/03\/NUMERAL-17-ENERO.pdf\">17A012025 EMPRESAS PRECALIFICADAS ENE 2025<\/a><\/p><p><a href=\"https:\/\/anam.org.gt\/inicio\/wp-content\/uploads\/2025\/03\/NUMERAL-17-FEBRERO.pdf\">17A022025 EMPRESAS PRECALIFICADAS FEB 2025<\/a><\/p><p><a href=\"https:\/\/anam.org.gt\/inicio\/wp-content\/uploads\/2025\/05\/NUMERAL-17-MARZO.pdf\" target=\"_blank\" rel=\"noopener\">17A032025 EMPRESAS PRECALIFICADAS MAR 2025<\/a><\/p><p><a href=\"https:\/\/anam.org.gt\/inicio\/wp-content\/uploads\/2025\/05\/NUMERAL-17-ABRIL.pdf\" target=\"_blank\" rel=\"noopener\">17A042025 EMPRESAS PRECALIFICADAS ABR 2025<\/a><\/p><p><a href=\"https:\/\/anam.org.gt\/inicio\/wp-content\/uploads\/2025\/08\/NUMERAL-17-MAYO.pdf\" target=\"_blank\" rel=\"noopener\">17A052025 EMPRESAS PRECALIFICADAS MAY 2025<\/a><\/p><p><a href=\"https:\/\/anam.org.gt\/inicio\/wp-content\/uploads\/2025\/08\/NUMERAL-17-JUNIO.pdf\" target=\"_blank\" rel=\"noopener\">17A062025 EMPRESAS PRECALIFICADAS JUN 2025<\/a><\/p><p><a href=\"https:\/\/anam.org.gt\/inicio\/wp-content\/uploads\/2026\/01\/NUMERAL-17-JULIO.pdf\" target=\"_blank\" rel=\"noopener\">17A072025 EMPRESAS PRECALIFICADAS JUL 2025<\/a><\/p><p><a href=\"https:\/\/anam.org.gt\/inicio\/wp-content\/uploads\/2026\/01\/NUMERAL-17-AGOSTO.pdf\" target=\"_blank\" rel=\"noopener\">17A082025 EMPRESAS PRECALIFICADAS AGO 2025<\/a><\/p><p><a href=\"https:\/\/anam.org.gt\/inicio\/wp-content\/uploads\/2026\/01\/NUMERAL-17-SEPTIEMBRE.pdf\" target=\"_blank\" rel=\"noopener\">17A092025 EMPRESAS PRECALIFICADAS SEP 2025<\/a><\/p><p><a href=\"https:\/\/anam.org.gt\/inicio\/wp-content\/uploads\/2026\/01\/NUMERAL-17-OCTUBRE.pdf\" target=\"_blank\" rel=\"noopener\">17A102025 EMPRESAS PRECALIFICADAS OCT 2025<\/a><\/p><p><a href=\"https:\/\/anam.org.gt\/inicio\/wp-content\/uploads\/2026\/01\/NUMERAL-17-NOVIEMBRE.pdf\" target=\"_blank\" rel=\"noopener\">17A112025 EMPRESAS PRECALIFICADAS NOV 2025<\/a><\/p><p><a href=\"https:\/\/anam.org.gt\/inicio\/wp-content\/uploads\/2026\/02\/NUMERAL-17-DICIEMBRE.pdf\" target=\"_blank\" rel=\"noopener\">17A122025 EMPRESAS PRECALIFICADAS DIC 2025<\/a><\/p><\/div>\n\t\t\t\t<\/div>\n\t\t\t\t\t\t\t<div class=\"elementor-toggle-item\">\n\t\t\t\t\t<div id=\"elementor-tab-title-1343\" class=\"elementor-tab-title\" data-tab=\"3\" role=\"button\" aria-controls=\"elementor-tab-content-1343\" aria-expanded=\"false\">\n\t\t\t\t\t\t\t\t\t\t\t\t<span class=\"elementor-toggle-icon elementor-toggle-icon-left\" aria-hidden=\"true\">\n\t\t\t\t\t\t\t\t\t\t\t\t\t\t\t<span class=\"elementor-toggle-icon-closed\"><i class=\"fas fa-caret-right\"><\/i><\/span>\n\t\t\t\t\t\t\t\t<span class=\"elementor-toggle-icon-opened\"><i class=\"elementor-toggle-icon-opened fas fa-caret-up\"><\/i><\/span>\n\t\t\t\t\t\t\t\t\t\t\t\t\t<\/span>\n\t\t\t\t\t\t\t\t\t\t\t\t<a class=\"elementor-toggle-title\" tabindex=\"0\">2024<\/a>\n\t\t\t\t\t<\/div>\n\n\t\t\t\t\t<div id=\"elementor-tab-content-1343\" class=\"elementor-tab-content elementor-clearfix\" data-tab=\"3\" role=\"region\" aria-labelledby=\"elementor-tab-title-1343\"><p>17A012024 EMPRESAS PRECALIFICADAS ENE 2024<\/p><p><a href=\"https:\/\/anam.org.gt\/wp-content\/uploads\/2024\/04\/17A022024-EMPRESAS-PRECALIFICADAS-FEB-2024.pdf\" target=\"_blank\" rel=\"attachment wp-att-3526 noopener noreferrer\">17A022024 EMPRESAS PRECALIFICADAS FEB 2024<\/a><\/p><p><a href=\"https:\/\/anam.org.gt\/wp-content\/uploads\/2024\/05\/17A042024-EMPRESAS-PRECALIFICADAS-ABR-2024.pdf\" target=\"_blank\" rel=\"attachment wp-att-3988 noopener noreferrer\">17A042024 EMPRESAS PRECALIFICADAS ABR 2024<\/a><\/p><p><a href=\"https:\/\/anam.org.gt\/wp-content\/uploads\/2024\/06\/17A052024_EMPRESAS_PRECALIFICADAS_MAY_2024.pdf\" target=\"_blank\" rel=\"attachment wp-att-4022 noopener noreferrer\">17A052024 EMPRESAS PRECALIFICADAS MAY 2024<\/a><\/p><p><a href=\"https:\/\/anam.org.gt\/wp-content\/uploads\/2024\/07\/17A062024_EMPRESAS_PRECALIFICADAS_JUN_2024.pdf\" target=\"_blank\" rel=\"attachment wp-att-4042 noopener noreferrer\">17A062024 EMPRESAS PRECALIFICADAS JUN 2024<\/a><\/p><p><a href=\"https:\/\/anam.org.gt\/inicio\/wp-content\/uploads\/2024\/10\/NUMERAL-17-JULIO.pdf\">17A072024 EMPRESAS PRECALIFICADAS JUL 2024<\/a><\/p><p><a href=\"https:\/\/anam.org.gt\/inicio\/wp-content\/uploads\/2024\/10\/NUMERAL-17-AGOSTO.pdf\">17A082024 EMPRESAS PRECALIFICADAS AGO 2024<\/a><\/p><p><a href=\"https:\/\/anam.org.gt\/inicio\/wp-content\/uploads\/2024\/10\/NUMERAL-17-SEPTIEMBRE.pdf\">17A092024 EMPRESAS PRECALIFICADAS SEP 2024<\/a><\/p><p><a href=\"https:\/\/anam.org.gt\/inicio\/wp-content\/uploads\/2024\/11\/NUMERAL-17-OCTUBRE.pdf\" target=\"_blank\" rel=\"noopener\">17A102024 EMPRESAS PRECALIFICADAS OCT 2024<\/a><\/p><p><a href=\"https:\/\/anam.org.gt\/inicio\/wp-content\/uploads\/2025\/02\/NUMERAL-17-NOVIEMBRE.pdf\" target=\"_blank\" rel=\"noopener\">17A112024 EMPRESAS PRECALIFICADAS NOV 2024<\/a><\/p><p><a href=\"https:\/\/anam.org.gt\/inicio\/wp-content\/uploads\/2025\/02\/NUMERAL-17-DICIEMBRE.pdf\" target=\"_blank\" rel=\"noopener\">17A122024 EMPRESAS PRECALIFICADAS DIC 2024<\/a><\/p><\/div>\n\t\t\t\t<\/div>\n\t\t\t\t\t\t\t<div class=\"elementor-toggle-item\">\n\t\t\t\t\t<div id=\"elementor-tab-title-1344\" class=\"elementor-tab-title\" data-tab=\"4\" role=\"button\" aria-controls=\"elementor-tab-content-1344\" aria-expanded=\"false\">\n\t\t\t\t\t\t\t\t\t\t\t\t<span class=\"elementor-toggle-icon elementor-toggle-icon-left\" aria-hidden=\"true\">\n\t\t\t\t\t\t\t\t\t\t\t\t\t\t\t<span class=\"elementor-toggle-icon-closed\"><i class=\"fas fa-caret-right\"><\/i><\/span>\n\t\t\t\t\t\t\t\t<span class=\"elementor-toggle-icon-opened\"><i class=\"elementor-toggle-icon-opened fas fa-caret-up\"><\/i><\/span>\n\t\t\t\t\t\t\t\t\t\t\t\t\t<\/span>\n\t\t\t\t\t\t\t\t\t\t\t\t<a class=\"elementor-toggle-title\" tabindex=\"0\">2023<\/a>\n\t\t\t\t\t<\/div>\n\n\t\t\t\t\t<div id=\"elementor-tab-content-1344\" class=\"elementor-tab-content elementor-clearfix\" data-tab=\"4\" role=\"region\" aria-labelledby=\"elementor-tab-title-1344\"><p><a href=\"https:\/\/anam.org.gt\/wp-content\/uploads\/2023\/03\/17A012023-EMPRESAS-PRECALIFICADAS-ENE-2023.pdf\" target=\"_blank\" rel=\"attachment wp-att-2857 noopener noreferrer\">17A012023 EMPRESAS PRECALIFICADAS ENE 2023<\/a><\/p><p><a href=\"https:\/\/anam.org.gt\/wp-content\/uploads\/2023\/03\/17A022023-EMPRESAS-PRECALIFICADAS-FEB-2023.pdf\" target=\"_blank\" rel=\"attachment wp-att-2840 noopener noreferrer\">17A022023 EMPRESAS PRECALIFICADAS FEB 2023<\/a><\/p><p><a href=\"https:\/\/anam.org.gt\/wp-content\/uploads\/2023\/04\/17A032023-EMPRESAS-PRECALIFICACAS-MAR-2023.pdf\" target=\"_blank\" rel=\"attachment wp-att-2919 noopener noreferrer\">17A032023 EMPRESAS PRECALIFICACAS MAR 2023<\/a><\/p><p><a href=\"https:\/\/anam.org.gt\/wp-content\/uploads\/2023\/05\/17A042023-EMPRESAS-PRECALIFICADAS-ABR-2023.pdf\" target=\"_blank\" rel=\"attachment wp-att-2975 noopener noreferrer\">17A042023 EMPRESAS PRECALIFICADAS ABR 2023<\/a><\/p><p><a href=\"https:\/\/anam.org.gt\/wp-content\/uploads\/2023\/06\/17A052023-EMPRESAS-PRECALIFICADAS-MAY-2023.pdf\" target=\"_blank\" rel=\"attachment wp-att-3029 noopener noreferrer\">17A052023 EMPRESAS PRECALIFICADAS MAY 2023<\/a><\/p><p><a href=\"https:\/\/anam.org.gt\/wp-content\/uploads\/2023\/07\/17A062023-EMPRESAS-PRECALIFICADAS-JUN-2023.pdf\" target=\"_blank\" rel=\"attachment wp-att-3052 noopener noreferrer\">17A062023 EMPRESAS PRECALIFICADAS JUN 2023<\/a><\/p><p><a href=\"https:\/\/anam.org.gt\/wp-content\/uploads\/2023\/08\/17A072023-EMPRESAS-PRECALIFICADAS-JUL-2023.pdf\" target=\"_blank\" rel=\"attachment wp-att-3092 noopener noreferrer\">17A072023 EMPRESAS PRECALIFICADAS JUL 2023<\/a><\/p><p><a href=\"https:\/\/anam.org.gt\/wp-content\/uploads\/2023\/09\/17A082023-EMPRESAS-PRECALIFICADAS-AGO-2023.pdf\" target=\"_blank\" rel=\"attachment wp-att-3129 noopener noreferrer\">17A082023 EMPRESAS PRECALIFICADAS AGO 2023<\/a><\/p><p><a href=\"https:\/\/anam.org.gt\/wp-content\/uploads\/2023\/10\/17A092023-EMPRESAS-PRECALIFICADAS-SEP-2023.pdf\" target=\"_blank\" rel=\"attachment wp-att-3155 noopener noreferrer\">17A092023 EMPRESAS PRECALIFICADAS SEP 2023<\/a><\/p><p><a href=\"https:\/\/anam.org.gt\/wp-content\/uploads\/2023\/11\/17A102023-EMPRESAS-PRECALIFICADAS-OCT-2023.pdf\" target=\"_blank\" rel=\"attachment wp-att-3178 noopener noreferrer\">17A102023 EMPRESAS PRECALIFICADAS OCT 2023<\/a><\/p><p><a href=\"https:\/\/anam.org.gt\/wp-content\/uploads\/2023\/12\/17A112023-EMPRESAS-PRECALIFICADAS-NOV-2023.pdf\" target=\"_blank\" rel=\"attachment wp-att-3211 noopener noreferrer\">17A112023 EMPRESAS PRECALIFICADAS NOV 2023<\/a><\/p><p><a href=\"https:\/\/anam.org.gt\/wp-content\/uploads\/2024\/01\/17A122023-EMPRESAS-PRECALIFICADAS-DIC-2023.pdf\" target=\"_blank\" rel=\"attachment wp-att-3275 noopener noreferrer\">17A122023 EMPRESAS PRECALIFICADAS DIC 2023<\/a><\/p><\/div>\n\t\t\t\t<\/div>\n\t\t\t\t\t\t\t<div class=\"elementor-toggle-item\">\n\t\t\t\t\t<div id=\"elementor-tab-title-1345\" class=\"elementor-tab-title\" data-tab=\"5\" role=\"button\" aria-controls=\"elementor-tab-content-1345\" aria-expanded=\"false\">\n\t\t\t\t\t\t\t\t\t\t\t\t<span class=\"elementor-toggle-icon elementor-toggle-icon-left\" aria-hidden=\"true\">\n\t\t\t\t\t\t\t\t\t\t\t\t\t\t\t<span class=\"elementor-toggle-icon-closed\"><i class=\"fas fa-caret-right\"><\/i><\/span>\n\t\t\t\t\t\t\t\t<span class=\"elementor-toggle-icon-opened\"><i class=\"elementor-toggle-icon-opened fas fa-caret-up\"><\/i><\/span>\n\t\t\t\t\t\t\t\t\t\t\t\t\t<\/span>\n\t\t\t\t\t\t\t\t\t\t\t\t<a class=\"elementor-toggle-title\" tabindex=\"0\">2022<\/a>\n\t\t\t\t\t<\/div>\n\n\t\t\t\t\t<div id=\"elementor-tab-content-1345\" class=\"elementor-tab-content elementor-clearfix\" data-tab=\"5\" role=\"region\" aria-labelledby=\"elementor-tab-title-1345\"><p><a href=\"https:\/\/anam.org.gt\/wp-content\/uploads\/2022\/04\/17A012022-EMPRESAS-PRECALIFICADAS-ENE-2022.pdf\" target=\"_blank\" rel=\"attachment wp-att-2119 noopener noreferrer\">17A012022 EMPRESAS PRECALIFICADAS ENE 2022<\/a><\/p><p><a href=\"https:\/\/anam.org.gt\/wp-content\/uploads\/2022\/04\/17A022022-EMPRESAS-PRECALIFICADAS-FEB-2022.pdf\" target=\"_blank\" rel=\"attachment wp-att-2120 noopener noreferrer\">17A022022 EMPRESAS PRECALIFICADAS FEB 2022<\/a><\/p><p><a href=\"https:\/\/anam.org.gt\/wp-content\/uploads\/2022\/04\/17A032022-EMPRESAS-PRECALIFICADAS-MAR-2022.pdf\" target=\"_blank\" rel=\"attachment wp-att-2121 noopener noreferrer\">17A032022 EMPRESAS PRECALIFICADAS MAR 2022<\/a><\/p><p><a href=\"https:\/\/anam.org.gt\/wp-content\/uploads\/2022\/04\/17A042022-EMPRESAS-PRECALIFICADAS-ABR-2022.pdf\" target=\"_blank\" rel=\"attachment wp-att-2122 noopener noreferrer\">17A042022 EMPRESAS PRECALIFICADAS ABR 2022<\/a><\/p><p><a href=\"https:\/\/anam.org.gt\/wp-content\/uploads\/2022\/06\/17A052022-EMPRESAS-PRECALIFICADAS-MAY-2022.pdf\" target=\"_blank\" rel=\"attachment wp-att-2309 noopener noreferrer\">17A052022 EMPRESAS PRECALIFICADAS MAY 2022<\/a><\/p><p><a href=\"https:\/\/anam.org.gt\/wp-content\/uploads\/2022\/07\/17A062022-EMPRESAS-PRECALIFICADAS-JUN-2022.pdf\" target=\"_blank\" rel=\"attachment wp-att-2371 noopener noreferrer\">17A062022 EMPRESAS PRECALIFICADAS JUN 2022<\/a><\/p><p><a href=\"https:\/\/anam.org.gt\/wp-content\/uploads\/2022\/08\/17A072022-EMPRESAS-PRECALIDICADAS-JUL-2022.pdf\" target=\"_blank\" rel=\"attachment wp-att-2412 noopener noreferrer\">17A072022 EMPRESAS PRECALIDICADAS JUL 2022<\/a><\/p><p><a href=\"https:\/\/anam.org.gt\/wp-content\/uploads\/2022\/09\/17A082022-EMPRESAS-PRECALIFICADAS-AGO-2022.pdf\" target=\"_blank\" rel=\"attachment wp-att-2448 noopener noreferrer\">17A082022 EMPRESAS PRECALIFICADAS AGO 2022<\/a><\/p><p><a href=\"https:\/\/anam.org.gt\/wp-content\/uploads\/2023\/01\/17A092022-EMPRESAS-PRECALIFICADAS-SEP-2022.pdf\" target=\"_blank\" rel=\"noopener noreferrer\">17A092022 EMPRESAS PRECALIFICADAS SEP 2022<\/a><\/p><p><a href=\"https:\/\/anam.org.gt\/wp-content\/uploads\/2023\/01\/17A102022-EMPRESAS-PRECALIFICADAS-OCT-2022.pdf\" target=\"_blank\" rel=\"noopener noreferrer\">17A102022 EMPRESAS PRECALIFICADAS OCT 2022<\/a><\/p><p><a href=\"https:\/\/anam.org.gt\/wp-content\/uploads\/2023\/01\/17A112022-EMPRESAS-PRECALIFICADAS-NOV-2022-1.pdf\" target=\"_blank\" rel=\"noopener noreferrer\">17A112022 EMPRESAS PRECALIFICADAS NOV 2022<\/a><\/p><p><a href=\"https:\/\/anam.org.gt\/wp-content\/uploads\/2023\/01\/17A122022-EMPRESAS-PRECALIFICADAS-DIC-2022.pdf\" target=\"_blank\" rel=\"noopener noreferrer\">17A122022 EMPRESAS PRECALIFICADAS DIC 2022<\/a><\/p><\/div>\n\t\t\t\t<\/div>\n\t\t\t\t\t\t\t\t<\/div>\n\t\t\t\t\t\t<\/div>\n\t\t\t\t<\/div>\n\t\t\t\t\t<\/div>\n\t\t<\/div>\n\t\t\t\t\t<\/div>\n\t\t<\/section>\n\t\t\t\t<\/div>\n\t\t","protected":false},"excerpt":{"rendered":"<p>17. Listado de Empresas Precalificadas Numeral 17. Los listados de las empresas precalificadas para la ejecuci\u00f3n de obras p\u00fablicas, de venta de bienes y de prestaci\u00f3n de servicios de cualquier naturaleza, incluyendo la informaci\u00f3n relacionada a la raz\u00f3n social, capital autorizado y la informaci\u00f3n que corresponda al rengl\u00f3n para el que fueron precalificadas. 2026 17A012026 [&hellip;]<\/p>\n","protected":false},"author":4,"featured_media":0,"parent":0,"menu_order":0,"comment_status":"closed","ping_status":"closed","template":"elementor_header_footer","meta":{"footnotes":""},"class_list":["post-2541","page","type-page","status-publish","hentry"],"yoast_head":"<!-- This site is optimized with the Yoast SEO plugin v27.0 - https:\/\/yoast.com\/product\/yoast-seo-wordpress\/ -->\n<title>N\u00fameral 17 - ANAM<\/title>\n<meta name=\"robots\" content=\"index, follow, max-snippet:-1, max-image-preview:large, max-video-preview:-1\" \/>\n<link rel=\"canonical\" href=\"https:\/\/anam.org.gt\/inicio\/numeral-17\/\" \/>\n<meta property=\"og:locale\" content=\"es_ES\" \/>\n<meta property=\"og:type\" content=\"article\" \/>\n<meta property=\"og:title\" content=\"N\u00fameral 17 - ANAM\" \/>\n<meta property=\"og:description\" content=\"17. Listado de Empresas Precalificadas Numeral 17. Los listados de las empresas precalificadas para la ejecuci\u00f3n de obras p\u00fablicas, de venta de bienes y de prestaci\u00f3n de servicios de cualquier naturaleza, incluyendo la informaci\u00f3n relacionada a la raz\u00f3n social, capital autorizado y la informaci\u00f3n que corresponda al rengl\u00f3n para el que fueron precalificadas. 2026 17A012026 [&hellip;]\" \/>\n<meta property=\"og:url\" content=\"https:\/\/anam.org.gt\/inicio\/numeral-17\/\" \/>\n<meta property=\"og:site_name\" content=\"ANAM\" \/>\n<meta property=\"article:publisher\" content=\"https:\/\/www.facebook.com\/ANAMGuatemala.org.gt\" \/>\n<meta property=\"article:modified_time\" content=\"2026-04-07T15:56:16+00:00\" \/>\n<meta name=\"twitter:card\" content=\"summary_large_image\" \/>\n<meta name=\"twitter:site\" content=\"@ANAM_Guatemala\" \/>\n<meta name=\"twitter:label1\" content=\"Tiempo de lectura\" \/>\n\t<meta name=\"twitter:data1\" content=\"2 minutos\" \/>\n<script type=\"application\/ld+json\" class=\"yoast-schema-graph\">{\"@context\":\"https:\/\/schema.org\",\"@graph\":[{\"@type\":\"WebPage\",\"@id\":\"https:\/\/anam.org.gt\/inicio\/numeral-17\/\",\"url\":\"https:\/\/anam.org.gt\/inicio\/numeral-17\/\",\"name\":\"N\u00fameral 17 - ANAM\",\"isPartOf\":{\"@id\":\"https:\/\/anam.org.gt\/inicio\/#website\"},\"datePublished\":\"2024-09-26T20:22:42+00:00\",\"dateModified\":\"2026-04-07T15:56:16+00:00\",\"breadcrumb\":{\"@id\":\"https:\/\/anam.org.gt\/inicio\/numeral-17\/#breadcrumb\"},\"inLanguage\":\"es\",\"potentialAction\":[{\"@type\":\"ReadAction\",\"target\":[\"https:\/\/anam.org.gt\/inicio\/numeral-17\/\"]}]},{\"@type\":\"BreadcrumbList\",\"@id\":\"https:\/\/anam.org.gt\/inicio\/numeral-17\/#breadcrumb\",\"itemListElement\":[{\"@type\":\"ListItem\",\"position\":1,\"name\":\"Portada\",\"item\":\"https:\/\/anam.org.gt\/inicio\/\"},{\"@type\":\"ListItem\",\"position\":2,\"name\":\"N\u00fameral 17\"}]},{\"@type\":\"WebSite\",\"@id\":\"https:\/\/anam.org.gt\/inicio\/#website\",\"url\":\"https:\/\/anam.org.gt\/inicio\/\",\"name\":\"ANAM\",\"description\":\"Asociaci\u00f3n Nacional de Municipalidades de la Rep\u00fablica de Guatemala\",\"publisher\":{\"@id\":\"https:\/\/anam.org.gt\/inicio\/#organization\"},\"potentialAction\":[{\"@type\":\"SearchAction\",\"target\":{\"@type\":\"EntryPoint\",\"urlTemplate\":\"https:\/\/anam.org.gt\/inicio\/?s={search_term_string}\"},\"query-input\":{\"@type\":\"PropertyValueSpecification\",\"valueRequired\":true,\"valueName\":\"search_term_string\"}}],\"inLanguage\":\"es\"},{\"@type\":\"Organization\",\"@id\":\"https:\/\/anam.org.gt\/inicio\/#organization\",\"name\":\"Asociaci\u00f3n Nacional de Municipalidades de la Rep\u00fablica de Guatemala\",\"url\":\"https:\/\/anam.org.gt\/inicio\/\",\"logo\":{\"@type\":\"ImageObject\",\"inLanguage\":\"es\",\"@id\":\"https:\/\/anam.org.gt\/inicio\/#\/schema\/logo\/image\/\",\"url\":\"https:\/\/anam.org.gt\/inicio\/wp-content\/uploads\/2026\/02\/logo-anam-central-1.png\",\"contentUrl\":\"https:\/\/anam.org.gt\/inicio\/wp-content\/uploads\/2026\/02\/logo-anam-central-1.png\",\"width\":600,\"height\":280,\"caption\":\"Asociaci\u00f3n Nacional de Municipalidades de la Rep\u00fablica de Guatemala\"},\"image\":{\"@id\":\"https:\/\/anam.org.gt\/inicio\/#\/schema\/logo\/image\/\"},\"sameAs\":[\"https:\/\/www.facebook.com\/ANAMGuatemala.org.gt\",\"https:\/\/x.com\/ANAM_Guatemala\",\"https:\/\/www.instagram.com\/anam_guatemala\/?hl=es\"]}]}<\/script>\n<!-- \/ Yoast SEO plugin. -->","yoast_head_json":{"title":"N\u00fameral 17 - ANAM","robots":{"index":"index","follow":"follow","max-snippet":"max-snippet:-1","max-image-preview":"max-image-preview:large","max-video-preview":"max-video-preview:-1"},"canonical":"https:\/\/anam.org.gt\/inicio\/numeral-17\/","og_locale":"es_ES","og_type":"article","og_title":"N\u00fameral 17 - ANAM","og_description":"17. Listado de Empresas Precalificadas Numeral 17. Los listados de las empresas precalificadas para la ejecuci\u00f3n de obras p\u00fablicas, de venta de bienes y de prestaci\u00f3n de servicios de cualquier naturaleza, incluyendo la informaci\u00f3n relacionada a la raz\u00f3n social, capital autorizado y la informaci\u00f3n que corresponda al rengl\u00f3n para el que fueron precalificadas. 2026 17A012026 [&hellip;]","og_url":"https:\/\/anam.org.gt\/inicio\/numeral-17\/","og_site_name":"ANAM","article_publisher":"https:\/\/www.facebook.com\/ANAMGuatemala.org.gt","article_modified_time":"2026-04-07T15:56:16+00:00","twitter_card":"summary_large_image","twitter_site":"@ANAM_Guatemala","twitter_misc":{"Tiempo de lectura":"2 minutos"},"schema":{"@context":"https:\/\/schema.org","@graph":[{"@type":"WebPage","@id":"https:\/\/anam.org.gt\/inicio\/numeral-17\/","url":"https:\/\/anam.org.gt\/inicio\/numeral-17\/","name":"N\u00fameral 17 - ANAM","isPartOf":{"@id":"https:\/\/anam.org.gt\/inicio\/#website"},"datePublished":"2024-09-26T20:22:42+00:00","dateModified":"2026-04-07T15:56:16+00:00","breadcrumb":{"@id":"https:\/\/anam.org.gt\/inicio\/numeral-17\/#breadcrumb"},"inLanguage":"es","potentialAction":[{"@type":"ReadAction","target":["https:\/\/anam.org.gt\/inicio\/numeral-17\/"]}]},{"@type":"BreadcrumbList","@id":"https:\/\/anam.org.gt\/inicio\/numeral-17\/#breadcrumb","itemListElement":[{"@type":"ListItem","position":1,"name":"Portada","item":"https:\/\/anam.org.gt\/inicio\/"},{"@type":"ListItem","position":2,"name":"N\u00fameral 17"}]},{"@type":"WebSite","@id":"https:\/\/anam.org.gt\/inicio\/#website","url":"https:\/\/anam.org.gt\/inicio\/","name":"ANAM","description":"Asociaci\u00f3n Nacional de Municipalidades de la Rep\u00fablica de Guatemala","publisher":{"@id":"https:\/\/anam.org.gt\/inicio\/#organization"},"potentialAction":[{"@type":"SearchAction","target":{"@type":"EntryPoint","urlTemplate":"https:\/\/anam.org.gt\/inicio\/?s={search_term_string}"},"query-input":{"@type":"PropertyValueSpecification","valueRequired":true,"valueName":"search_term_string"}}],"inLanguage":"es"},{"@type":"Organization","@id":"https:\/\/anam.org.gt\/inicio\/#organization","name":"Asociaci\u00f3n Nacional de Municipalidades de la Rep\u00fablica de Guatemala","url":"https:\/\/anam.org.gt\/inicio\/","logo":{"@type":"ImageObject","inLanguage":"es","@id":"https:\/\/anam.org.gt\/inicio\/#\/schema\/logo\/image\/","url":"https:\/\/anam.org.gt\/inicio\/wp-content\/uploads\/2026\/02\/logo-anam-central-1.png","contentUrl":"https:\/\/anam.org.gt\/inicio\/wp-content\/uploads\/2026\/02\/logo-anam-central-1.png","width":600,"height":280,"caption":"Asociaci\u00f3n Nacional de Municipalidades de la Rep\u00fablica de Guatemala"},"image":{"@id":"https:\/\/anam.org.gt\/inicio\/#\/schema\/logo\/image\/"},"sameAs":["https:\/\/www.facebook.com\/ANAMGuatemala.org.gt","https:\/\/x.com\/ANAM_Guatemala","https:\/\/www.instagram.com\/anam_guatemala\/?hl=es"]}]}},"_links":{"self":[{"href":"https:\/\/anam.org.gt\/inicio\/wp-json\/wp\/v2\/pages\/2541","targetHints":{"allow":["GET"]}}],"collection":[{"href":"https:\/\/anam.org.gt\/inicio\/wp-json\/wp\/v2\/pages"}],"about":[{"href":"https:\/\/anam.org.gt\/inicio\/wp-json\/wp\/v2\/types\/page"}],"author":[{"embeddable":true,"href":"https:\/\/anam.org.gt\/inicio\/wp-json\/wp\/v2\/users\/4"}],"replies":[{"embeddable":true,"href":"https:\/\/anam.org.gt\/inicio\/wp-json\/wp\/v2\/comments?post=2541"}],"version-history":[{"count":52,"href":"https:\/\/anam.org.gt\/inicio\/wp-json\/wp\/v2\/pages\/2541\/revisions"}],"predecessor-version":[{"id":5882,"href":"https:\/\/anam.org.gt\/inicio\/wp-json\/wp\/v2\/pages\/2541\/revisions\/5882"}],"wp:attachment":[{"href":"https:\/\/anam.org.gt\/inicio\/wp-json\/wp\/v2\/media?parent=2541"}],"curies":[{"name":"wp","href":"https:\/\/api.w.org\/{rel}","templated":true}]}}